{"id":320,"date":"2019-05-14T00:31:47","date_gmt":"2019-05-13T22:31:47","guid":{"rendered":"https:\/\/www.e-patent.ch\/?page_id=320"},"modified":"2019-05-24T11:06:42","modified_gmt":"2019-05-24T09:06:42","slug":"home","status":"publish","type":"page","link":"https:\/\/www.e-patent.ch\/en\/","title":{"rendered":"Home"},"content":{"rendered":"<p>[et_pb_section bb_built=&#8221;1&#8243; fullwidth=&#8221;on&#8221; specialty=&#8221;off&#8221; next_background_color=&#8221;#000000&#8243;][et_pb_fullwidth_slider _builder_version=&#8221;3.19.18&#8243; text_orientation=&#8221;left&#8221; auto=&#8221;on&#8221; auto_speed=&#8221;5000&#8243; auto_ignore_hover=&#8221;on&#8221;][et_pb_slide _builder_version=&#8221;3.19.18&#8243; button_link=&#8221;#&#8221; button_link_2=&#8221;#&#8221; url_new_window=&#8221;off&#8221; link_option_url_new_window=&#8221;off&#8221; background_color=&#8221;#7EBEC5&#8243; use_background_color_gradient=&#8221;off&#8221; background_color_gradient_start=&#8221;#2b87da&#8221; background_color_gradient_end=&#8221;#29c4a9&#8243; background_color_gradient_type=&#8221;linear&#8221; background_color_gradient_direction=&#8221;180deg&#8221; background_color_gradient_direction_radial=&#8221;center&#8221; background_color_gradient_start_position=&#8221;0%&#8221; background_color_gradient_end_position=&#8221;100%&#8221; background_color_gradient_overlays_image=&#8221;off&#8221; parallax=&#8221;off&#8221; parallax_method=&#8221;on&#8221; background_size=&#8221;cover&#8221; background_position=&#8221;center&#8221; background_repeat=&#8221;no-repeat&#8221; background_blend=&#8221;normal&#8221; allow_player_pause=&#8221;off&#8221; background_video_pause_outside_viewport=&#8221;on&#8221; use_bg_overlay=&#8221;on&#8221; use_text_overlay=&#8221;off&#8221; text_border_radius=&#8221;3&#8243; alignment=&#8221;center&#8221; child_filter_hue_rotate=&#8221;0deg&#8221; child_filter_saturate=&#8221;100%&#8221; child_filter_brightness=&#8221;100%&#8221; child_filter_contrast=&#8221;100%&#8221; child_filter_invert=&#8221;0%&#8221; child_filter_sepia=&#8221;0%&#8221; child_filter_opacity=&#8221;100%&#8221; child_filter_blur=&#8221;0px&#8221; child_mix_blend_mode=&#8221;normal&#8221; background_layout=&#8221;dark&#8221; text_shadow_style=&#8221;none&#8221; header_text_shadow_style=&#8221;none&#8221; body_text_shadow_style=&#8221;none&#8221; button_text_shadow_style=&#8221;none&#8221; box_shadow_style_button=&#8221;none&#8221; hover_transition_duration=&#8221;300ms&#8221; hover_transition_delay=&#8221;0ms&#8221; hover_transition_speed_curve=&#8221;ease&#8221; background_image=&#8221;https:\/\/www.e-patent.ch\/wp-content\/uploads\/2019\/04\/2.jpg&#8221; text_shadow_horizontal_length=&#8221;0em&#8221; text_shadow_vertical_length=&#8221;0em&#8221; text_shadow_blur_strength=&#8221;0em&#8221; header_text_shadow_horizontal_length=&#8221;0em&#8221; header_text_shadow_vertical_length=&#8221;0em&#8221; header_text_shadow_blur_strength=&#8221;0em&#8221; body_text_shadow_horizontal_length=&#8221;0em&#8221; body_text_shadow_vertical_length=&#8221;0em&#8221; body_text_shadow_blur_strength=&#8221;0em&#8221; button_text_shadow_horizontal_length=&#8221;0em&#8221; button_text_shadow_vertical_length=&#8221;0em&#8221; button_text_shadow_blur_strength=&#8221;0em&#8221; bg_overlay_color=&#8221;rgba(0,0,0,0.4)&#8221; custom_button=&#8221;off&#8221; button_bg_use_color_gradient=&#8221;off&#8221; button_bg_color_gradient_overlays_image=&#8221;off&#8221; button_use_icon=&#8221;on&#8221; button_on_hover=&#8221;on&#8221;]<\/p>\n<div class=\"fullscreen\">\n<h1 class=\"titre-slider\">e-Patent<\/h1>\n<hr class=\"titre-sd\">\n<p>Swiss and European Patent Attorneys in Neuch\u00e2tel, implanted in innovative Switzerland, at the heart of Europe and in permanent connection with the world!<\/p>\n<\/div>\n<p>[\/et_pb_slide][et_pb_slide _builder_version=&#8221;3.19.18&#8243; button_link=&#8221;#&#8221; button_link_2=&#8221;#&#8221; url_new_window=&#8221;off&#8221; link_option_url_new_window=&#8221;off&#8221; background_color=&#8221;#7EBEC5&#8243; use_background_color_gradient=&#8221;off&#8221; background_color_gradient_start=&#8221;#2b87da&#8221; background_color_gradient_end=&#8221;#29c4a9&#8243; background_color_gradient_type=&#8221;linear&#8221; background_color_gradient_direction=&#8221;180deg&#8221; background_color_gradient_direction_radial=&#8221;center&#8221; background_color_gradient_start_position=&#8221;0%&#8221; background_color_gradient_end_position=&#8221;100%&#8221; background_color_gradient_overlays_image=&#8221;off&#8221; parallax=&#8221;off&#8221; parallax_method=&#8221;on&#8221; background_size=&#8221;cover&#8221; background_position=&#8221;center&#8221; background_repeat=&#8221;no-repeat&#8221; background_blend=&#8221;normal&#8221; allow_player_pause=&#8221;off&#8221; background_video_pause_outside_viewport=&#8221;on&#8221; use_bg_overlay=&#8221;on&#8221; use_text_overlay=&#8221;off&#8221; text_border_radius=&#8221;3&#8243; alignment=&#8221;center&#8221; child_filter_hue_rotate=&#8221;0deg&#8221; child_filter_saturate=&#8221;100%&#8221; child_filter_brightness=&#8221;100%&#8221; child_filter_contrast=&#8221;100%&#8221; child_filter_invert=&#8221;0%&#8221; child_filter_sepia=&#8221;0%&#8221; child_filter_opacity=&#8221;100%&#8221; child_filter_blur=&#8221;0px&#8221; child_mix_blend_mode=&#8221;normal&#8221; background_layout=&#8221;dark&#8221; text_shadow_style=&#8221;none&#8221; header_text_shadow_style=&#8221;none&#8221; body_text_shadow_style=&#8221;none&#8221; custom_button=&#8221;off&#8221; button_bg_use_color_gradient=&#8221;off&#8221; button_bg_color_gradient_overlays_image=&#8221;off&#8221; button_use_icon=&#8221;on&#8221; button_on_hover=&#8221;on&#8221; button_text_shadow_style=&#8221;none&#8221; box_shadow_style_button=&#8221;none&#8221; hover_transition_duration=&#8221;300ms&#8221; hover_transition_delay=&#8221;0ms&#8221; hover_transition_speed_curve=&#8221;ease&#8221; background_image=&#8221;https:\/\/www.e-patent.ch\/wp-content\/uploads\/2019\/05\/Mandataire-brevets-Neuchatel-e1556120052872_cr.jpg&#8221; text_shadow_horizontal_length=&#8221;0em&#8221; text_shadow_vertical_length=&#8221;0em&#8221; text_shadow_blur_strength=&#8221;0em&#8221; header_text_shadow_horizontal_length=&#8221;0em&#8221; header_text_shadow_vertical_length=&#8221;0em&#8221; header_text_shadow_blur_strength=&#8221;0em&#8221; body_text_shadow_horizontal_length=&#8221;0em&#8221; body_text_shadow_vertical_length=&#8221;0em&#8221; body_text_shadow_blur_strength=&#8221;0em&#8221; button_text_shadow_horizontal_length=&#8221;0em&#8221; button_text_shadow_vertical_length=&#8221;0em&#8221; button_text_shadow_blur_strength=&#8221;0em&#8221; bg_overlay_color=&#8221;rgba(0,0,0,0.4)&#8221;]<\/p>\n<div class=\"fullscreen\">\n<h1 class=\"titre-slider\">e-Patent<\/h1>\n<hr class=\"titre-sd\">Swiss and European Patents in Neuch\u00e2tel&nbsp;<\/div>\n<p>[\/et_pb_slide][et_pb_slide _builder_version=&#8221;3.19.18&#8243; button_link=&#8221;#&#8221; button_link_2=&#8221;#&#8221; url_new_window=&#8221;off&#8221; link_option_url_new_window=&#8221;off&#8221; background_color=&#8221;#7EBEC5&#8243; use_background_color_gradient=&#8221;off&#8221; background_color_gradient_start=&#8221;#2b87da&#8221; background_color_gradient_end=&#8221;#29c4a9&#8243; background_color_gradient_type=&#8221;linear&#8221; background_color_gradient_direction=&#8221;180deg&#8221; background_color_gradient_direction_radial=&#8221;center&#8221; background_color_gradient_start_position=&#8221;0%&#8221; background_color_gradient_end_position=&#8221;100%&#8221; background_color_gradient_overlays_image=&#8221;off&#8221; parallax=&#8221;off&#8221; parallax_method=&#8221;on&#8221; background_size=&#8221;cover&#8221; background_position=&#8221;center&#8221; background_repeat=&#8221;no-repeat&#8221; background_blend=&#8221;normal&#8221; allow_player_pause=&#8221;off&#8221; background_video_pause_outside_viewport=&#8221;on&#8221; use_bg_overlay=&#8221;on&#8221; use_text_overlay=&#8221;off&#8221; text_border_radius=&#8221;3&#8243; alignment=&#8221;center&#8221; child_filter_hue_rotate=&#8221;0deg&#8221; child_filter_saturate=&#8221;100%&#8221; child_filter_brightness=&#8221;100%&#8221; child_filter_contrast=&#8221;100%&#8221; child_filter_invert=&#8221;0%&#8221; child_filter_sepia=&#8221;0%&#8221; child_filter_opacity=&#8221;100%&#8221; child_filter_blur=&#8221;0px&#8221; child_mix_blend_mode=&#8221;normal&#8221; background_layout=&#8221;dark&#8221; text_shadow_style=&#8221;none&#8221; header_text_shadow_style=&#8221;none&#8221; body_text_shadow_style=&#8221;none&#8221; custom_button=&#8221;off&#8221; button_bg_use_color_gradient=&#8221;off&#8221; button_bg_color_gradient_overlays_image=&#8221;off&#8221; button_use_icon=&#8221;on&#8221; button_on_hover=&#8221;on&#8221; button_text_shadow_style=&#8221;none&#8221; box_shadow_style_button=&#8221;none&#8221; hover_transition_duration=&#8221;300ms&#8221; hover_transition_delay=&#8221;0ms&#8221; hover_transition_speed_curve=&#8221;ease&#8221; background_image=&#8221;https:\/\/www.e-patent.ch\/wp-content\/uploads\/2019\/04\/patent-office-and-patent-filling-neuchatel.jpg&#8221; text_shadow_horizontal_length=&#8221;0em&#8221; text_shadow_vertical_length=&#8221;0em&#8221; text_shadow_blur_strength=&#8221;0em&#8221; header_text_shadow_horizontal_length=&#8221;0em&#8221; header_text_shadow_vertical_length=&#8221;0em&#8221; header_text_shadow_blur_strength=&#8221;0em&#8221; body_text_shadow_horizontal_length=&#8221;0em&#8221; body_text_shadow_vertical_length=&#8221;0em&#8221; body_text_shadow_blur_strength=&#8221;0em&#8221; button_text_shadow_horizontal_length=&#8221;0em&#8221; button_text_shadow_vertical_length=&#8221;0em&#8221; button_text_shadow_blur_strength=&#8221;0em&#8221; bg_overlay_color=&#8221;rgba(0,0,0,0.4)&#8221;]<\/p>\n<div class=\"fullscreen\">\n<h1 class=\"titre-slider\">e-Patent<\/h1>\n<hr class=\"titre-sd\">Quality is our priority<\/div>\n<p>[\/et_pb_slide][\/et_pb_fullwidth_slider][\/et_pb_section][et_pb_section bb_built=&#8221;1&#8243; specialty=&#8221;off&#8221; prev_background_color=&#8221;#000000&#8243; next_background_color=&#8221;rgba(0,0,0,0.18)&#8221; _builder_version=&#8221;3.19.18&#8243; background_color=&#8221;#ffffff&#8221; disabled=&#8221;on&#8221; disabled_on=&#8221;on|on|on&#8221;][et_pb_row _builder_version=&#8221;3.19.18&#8243; module_alignment=&#8221;center&#8221; make_fullwidth=&#8221;on&#8221;][et_pb_column type=&#8221;4_4&#8243;][et_pb_text _builder_version=&#8221;3.19.18&#8243; header_2_text_color=&#8221;#000000&#8243; header_2_text_align=&#8221;center&#8221;]<\/p>\n<h2 style=\"text-align: center;\">A venir<\/h2>\n<p>[\/et_pb_text][\/et_pb_column][\/et_pb_row][\/et_pb_section][et_pb_section bb_built=&#8221;1&#8243; specialty=&#8221;off&#8221; prev_background_color=&#8221;#ffffff&#8221; _builder_version=&#8221;3.19.18&#8243; background_color=&#8221;rgba(0,0,0,0.18)&#8221;][et_pb_row _builder_version=&#8221;3.19.18&#8243; custom_margin=&#8221;0px||0px|&#8221; custom_padding=&#8221;0px||0px|&#8221; padding_top_1=&#8221;0px&#8221; padding_bottom_1=&#8221;0px&#8221;][et_pb_column type=&#8221;4_4&#8243;][et_pb_text _builder_version=&#8221;3.19.18&#8243; module_class=&#8221;Titre-home&#8221; custom_margin=&#8221;0px||0px|&#8221; custom_padding=&#8221;0px||0px|&#8221;]<\/p>\n<h1>Brevets suisses et europ\u00e9ens \u00e0 Neuch\u00e2tel<\/h1>\n<p>[\/et_pb_text][\/et_pb_column][\/et_pb_row][et_pb_row][et_pb_column type=&#8221;1_3&#8243;][et_pb_image_n10s _builder_version=&#8221;3.19.18&#8243; src=&#8221;https:\/\/www.e-patent.ch\/wp-content\/uploads\/2019\/04\/Invention-brevets-Neuchatel.jpg&#8221; title_text=&#8221;THE UTILITY PATENT&#8221; n10s_type=&#8221;jazz&#8221; title1_overlay=&#8221;THE UTILITY PATENT&#8221; image_as_url=&#8221;on&#8221; url=&#8221;https:\/\/www.e-patent.ch\/en\/invention-of-swiss-european-patents-neuchatel\/&#8221; image_alpha=&#8221;0.3&#8243; header_font=&#8221;|700|||||||&#8221; text_font=&#8221;|700|||||||&#8221; background_color=&#8221;#000000&#8243; size=&#8221;et-pb-portfolio-image&#8221; \/][\/et_pb_column][et_pb_column type=&#8221;1_3&#8243;][et_pb_image_n10s _builder_version=&#8221;3.19.18&#8243; src=&#8221;https:\/\/www.e-patent.ch\/wp-content\/uploads\/2019\/04\/Depot-de-brevet-Neuchatel.jpg&#8221; title_text=&#8221;OUR SERVICES&#8221; n10s_type=&#8221;jazz&#8221; title1_overlay=&#8221;OUR SERVICES&#8221; image_as_url=&#8221;on&#8221; url=&#8221;https:\/\/www.e-patent.ch\/en\/patent-attorney-neuchatel\/&#8221; image_alpha=&#8221;0.3&#8243; size=&#8221;et-pb-portfolio-image&#8221; \/][\/et_pb_column][et_pb_column type=&#8221;1_3&#8243;][et_pb_image_n10s _builder_version=&#8221;3.19.18&#8243; src=&#8221;https:\/\/www.e-patent.ch\/wp-content\/uploads\/2019\/04\/Patent-Attorney-Neuchatel.jpg&#8221; title_text=&#8221;TECHNICAL SKILLS&#8221; n10s_type=&#8221;jazz&#8221; title1_overlay=&#8221;TECHNICAL SKILLS&#8221; image_as_url=&#8221;on&#8221; url=&#8221;https:\/\/www.e-patent.ch\/en\/swiss-european-patent-filling-neuchatel\/&#8221; image_alpha=&#8221;0.3&#8243; size=&#8221;et-pb-portfolio-image&#8221; \/][\/et_pb_column][\/et_pb_row][\/et_pb_section]<\/p>\n","protected":false},"excerpt":{"rendered":"<p>e-PatentSwiss and European Patent Attorneys in Neuch\u00e2tel, implanted in innovative Switzerland, at the heart of Europe and in permanent connection with the world! e-PatentSwiss and European Patents in Neuch\u00e2tel&nbsp; e-PatentQuality is our priority A venir Brevets suisses et europ\u00e9ens \u00e0 Neuch\u00e2tel <div class=\"et_pb_row et_pb_row_0 et_pb_row_empty\">\n\t\t\t\t\n\t\t\t\t\n\t\t\t\t\n\t\t\t\t\n\t\t\t\t\n\t\t\t<\/div><\/p>\n","protected":false},"author":1,"featured_media":0,"parent":0,"menu_order":0,"comment_status":"closed","ping_status":"closed","template":"","meta":{"_et_pb_use_builder":"on","_et_pb_old_content":"","_et_gb_content_width":"","footnotes":""},"class_list":["post-320","page","type-page","status-publish","hentry"],"yoast_head":"<!-- This site is optimized with the Yoast SEO plugin v25.3 - https:\/\/yoast.com\/wordpress\/plugins\/seo\/ -->\n<title>Home - E Patent<\/title>\n<meta name=\"robots\" content=\"index, follow, max-snippet:-1, max-image-preview:large, max-video-preview:-1\" \/>\n<link rel=\"canonical\" href=\"https:\/\/www.e-patent.ch\/en\/home\/\" \/>\n<meta property=\"og:locale\" content=\"en_US\" \/>\n<meta property=\"og:type\" content=\"article\" \/>\n<meta property=\"og:title\" content=\"Home - E Patent\" \/>\n<meta property=\"og:description\" content=\"e-PatentSwiss and European Patent Attorneys in Neuch\u00e2tel, implanted in innovative Switzerland, at the heart of Europe and in permanent connection with the world! e-PatentSwiss and European Patents in Neuch\u00e2tel&nbsp; e-PatentQuality is our priority A venir Brevets suisses et europ\u00e9ens \u00e0 Neuch\u00e2tel\" \/>\n<meta property=\"og:url\" content=\"https:\/\/www.e-patent.ch\/en\/home\/\" \/>\n<meta property=\"og:site_name\" content=\"E Patent\" \/>\n<meta property=\"article:modified_time\" content=\"2019-05-24T09:06:42+00:00\" \/>\n<meta name=\"twitter:card\" content=\"summary_large_image\" \/>\n<meta name=\"twitter:label1\" content=\"Est. reading time\" \/>\n\t<meta name=\"twitter:data1\" content=\"6 minutes\" \/>\n<script type=\"application\/ld+json\" class=\"yoast-schema-graph\">{\"@context\":\"https:\/\/schema.org\",\"@graph\":[{\"@type\":\"WebPage\",\"@id\":\"https:\/\/www.e-patent.ch\/en\/home\/\",\"url\":\"https:\/\/www.e-patent.ch\/en\/home\/\",\"name\":\"Home - E Patent\",\"isPartOf\":{\"@id\":\"https:\/\/www.e-patent.ch\/#website\"},\"datePublished\":\"2019-05-13T22:31:47+00:00\",\"dateModified\":\"2019-05-24T09:06:42+00:00\",\"breadcrumb\":{\"@id\":\"https:\/\/www.e-patent.ch\/en\/home\/#breadcrumb\"},\"inLanguage\":\"en-US\",\"potentialAction\":[{\"@type\":\"ReadAction\",\"target\":[\"https:\/\/www.e-patent.ch\/en\/home\/\"]}]},{\"@type\":\"BreadcrumbList\",\"@id\":\"https:\/\/www.e-patent.ch\/en\/home\/#breadcrumb\",\"itemListElement\":[{\"@type\":\"ListItem\",\"position\":1,\"name\":\"Accueil\",\"item\":\"https:\/\/www.e-patent.ch\/en\/home\/\"},{\"@type\":\"ListItem\",\"position\":2,\"name\":\"Home\"}]},{\"@type\":\"WebSite\",\"@id\":\"https:\/\/www.e-patent.ch\/#website\",\"url\":\"https:\/\/www.e-patent.ch\/\",\"name\":\"E Patent\",\"description\":\"Brevets suisses et europ\u00e9ens \u00e0 Neuch\u00e2tel\",\"potentialAction\":[{\"@type\":\"SearchAction\",\"target\":{\"@type\":\"EntryPoint\",\"urlTemplate\":\"https:\/\/www.e-patent.ch\/?s={search_term_string}\"},\"query-input\":{\"@type\":\"PropertyValueSpecification\",\"valueRequired\":true,\"valueName\":\"search_term_string\"}}],\"inLanguage\":\"en-US\"}]}<\/script>\n<!-- \/ Yoast SEO plugin. -->","yoast_head_json":{"title":"Home - E Patent","robots":{"index":"index","follow":"follow","max-snippet":"max-snippet:-1","max-image-preview":"max-image-preview:large","max-video-preview":"max-video-preview:-1"},"canonical":"https:\/\/www.e-patent.ch\/en\/home\/","og_locale":"en_US","og_type":"article","og_title":"Home - E Patent","og_description":"e-PatentSwiss and European Patent Attorneys in Neuch\u00e2tel, implanted in innovative Switzerland, at the heart of Europe and in permanent connection with the world! e-PatentSwiss and European Patents in Neuch\u00e2tel&nbsp; e-PatentQuality is our priority A venir Brevets suisses et europ\u00e9ens \u00e0 Neuch\u00e2tel","og_url":"https:\/\/www.e-patent.ch\/en\/home\/","og_site_name":"E Patent","article_modified_time":"2019-05-24T09:06:42+00:00","twitter_card":"summary_large_image","twitter_misc":{"Est. reading time":"6 minutes"},"schema":{"@context":"https:\/\/schema.org","@graph":[{"@type":"WebPage","@id":"https:\/\/www.e-patent.ch\/en\/home\/","url":"https:\/\/www.e-patent.ch\/en\/home\/","name":"Home - E Patent","isPartOf":{"@id":"https:\/\/www.e-patent.ch\/#website"},"datePublished":"2019-05-13T22:31:47+00:00","dateModified":"2019-05-24T09:06:42+00:00","breadcrumb":{"@id":"https:\/\/www.e-patent.ch\/en\/home\/#breadcrumb"},"inLanguage":"en-US","potentialAction":[{"@type":"ReadAction","target":["https:\/\/www.e-patent.ch\/en\/home\/"]}]},{"@type":"BreadcrumbList","@id":"https:\/\/www.e-patent.ch\/en\/home\/#breadcrumb","itemListElement":[{"@type":"ListItem","position":1,"name":"Accueil","item":"https:\/\/www.e-patent.ch\/en\/home\/"},{"@type":"ListItem","position":2,"name":"Home"}]},{"@type":"WebSite","@id":"https:\/\/www.e-patent.ch\/#website","url":"https:\/\/www.e-patent.ch\/","name":"E Patent","description":"Brevets suisses et europ\u00e9ens \u00e0 Neuch\u00e2tel","potentialAction":[{"@type":"SearchAction","target":{"@type":"EntryPoint","urlTemplate":"https:\/\/www.e-patent.ch\/?s={search_term_string}"},"query-input":{"@type":"PropertyValueSpecification","valueRequired":true,"valueName":"search_term_string"}}],"inLanguage":"en-US"}]}},"_links":{"self":[{"href":"https:\/\/www.e-patent.ch\/en\/wp-json\/wp\/v2\/pages\/320","targetHints":{"allow":["GET"]}}],"collection":[{"href":"https:\/\/www.e-patent.ch\/en\/wp-json\/wp\/v2\/pages"}],"about":[{"href":"https:\/\/www.e-patent.ch\/en\/wp-json\/wp\/v2\/types\/page"}],"author":[{"embeddable":true,"href":"https:\/\/www.e-patent.ch\/en\/wp-json\/wp\/v2\/users\/1"}],"replies":[{"embeddable":true,"href":"https:\/\/www.e-patent.ch\/en\/wp-json\/wp\/v2\/comments?post=320"}],"version-history":[{"count":8,"href":"https:\/\/www.e-patent.ch\/en\/wp-json\/wp\/v2\/pages\/320\/revisions"}],"predecessor-version":[{"id":362,"href":"https:\/\/www.e-patent.ch\/en\/wp-json\/wp\/v2\/pages\/320\/revisions\/362"}],"wp:attachment":[{"href":"https:\/\/www.e-patent.ch\/en\/wp-json\/wp\/v2\/media?parent=320"}],"curies":[{"name":"wp","href":"https:\/\/api.w.org\/{rel}","templated":true}]}}