{"id":323,"date":"2019-05-14T00:46:37","date_gmt":"2019-05-13T22:46:37","guid":{"rendered":"https:\/\/www.e-patent.ch\/?page_id=323"},"modified":"2019-05-24T19:50:21","modified_gmt":"2019-05-24T17:50:21","slug":"invention-of-swiss-european-patents-neuchatel","status":"publish","type":"page","link":"https:\/\/www.e-patent.ch\/en\/invention-of-swiss-european-patents-neuchatel\/","title":{"rendered":"The utility patent"},"content":{"rendered":"<p>[et_pb_section bb_built=&#8221;1&#8243; _builder_version=&#8221;3.19.18&#8243; custom_padding=&#8221;0px||0px|0px&#8221;][et_pb_row _builder_version=&#8221;3.19.18&#8243; module_alignment=&#8221;center&#8221; make_fullwidth=&#8221;on&#8221; use_custom_gutter=&#8221;on&#8221; gutter_width=&#8221;1&#8243; make_equal=&#8221;on&#8221; custom_padding=&#8221;0px|0px|0px|0px&#8221; padding_top_1=&#8221;0px&#8221; padding_1_last_edited=&#8221;on|desktop&#8221; padding_top_2=&#8221;40px&#8221; padding_right_2=&#8221;40px&#8221; padding_bottom_2=&#8221;40px&#8221; padding_left_2=&#8221;40px&#8221; padding_2_last_edited=&#8221;on|desktop&#8221; bg_img_1=&#8221;https:\/\/www.e-patent.ch\/wp-content\/uploads\/2019\/04\/Invention-brevets-Neuchatel.jpg&#8221; background_color=&#8221;#d1d1d1&#8243;][et_pb_column type=&#8221;1_2&#8243;][et_pb_image _builder_version=&#8221;3.19.18&#8243; src=&#8221;https:\/\/www.e-patent.ch\/wp-content\/uploads\/2019\/04\/Invention-brevets-Neuchatel.jpg&#8221; disabled=&#8221;off&#8221; disabled_on=&#8221;||on&#8221; force_fullwidth=&#8221;on&#8221; \/][\/et_pb_column][et_pb_column type=&#8221;1_2&#8243;][et_pb_text _builder_version=&#8221;3.19.18&#8243; module_class=&#8221;Titre-home&#8221;]<\/p>\n<h1>Invention of Swiss and European patents in Neuch\u00e2tel<\/h1>\n<p>[\/et_pb_text][et_pb_text _builder_version=&#8221;3.19.18&#8243;]<\/p>\n<h2>What is a utility patent?<\/h2>\n<div align=\"justify\">A utility patent is an intellectual property right which provides its owner with an exclusive exploitation right of the invention in question for a limited time, generally twenty years (in Switzerland, medicines and pesticides can benefit of a five year extension of protection). This exclusive right is a form of reward for the owner, who, in return for his effort and financial contribution to developing the invention, is accorded a time-limited a monopoly to exploit it, which enables him to make a return on his research and development.<\/div>\n<div align=\"justify\">\u00a0<br \/>In counterpart, the owner of the patent has to disclose his invention in the patent in a sufficiently clear and complete manner for a &#8220;man skilled in the art&#8221; (i.e. a man who is a specialist in the technical field in question) such that he is able to understand and implement the invention on the basis of the disclosure.\u00a0<\/div>\n<div align=\"justify\">At the patent&#8217;s expiration, after the 20 year term (or earlier for various reasons such as non-payment of a renewal fee), the invention falls in the public domain, in other words it becomes free for anyone to use (with the proviso that no earlier rights exist which also cover the invention, as will be explained below).<\/div>\n<div align=\"justify\">\u00a0<\/div>\n<div align=\"justify\">In Switzerland, the exclusive right of exploitation relates not only to the commercial use and the implementation of the invention, but also to offering it for sale, and its importation.\u00a0<\/div>\n<div align=\"justify\">\n<p>It has to be kept in mind that &#8220;exclusive right of exploitation&#8221; does not necessarily means &#8220;freedom to operate&#8221;. It may happen, indeed, that a third party owns a prior patent having a broader scope than a subsequent patent held by another party, protection of this broader patent encompassing the subject-matter of the subsequent patent. Thus, even if the other party is the only one who has the right to exploit the object of his subsequent patent, he cannot do so without the prior consent of the third party who owns the prior patent with a wider scope.\u00a0<\/p>\n<p>\u00a0<\/p>\n<\/div>\n<h2><strong><em>Functions of a patent<\/em><\/strong><em>\u00a0<\/em><\/h2>\n<p>The patent owner has an advantage on the market insofar as he can prohibit his competitors from using the corresponding new technology, or he can require them to pay (license agreement) in order to be allowed to use it.\u00a0<\/p>\n<p>The patent may also be used as part of an economic strategy or a business strategy of the company.\u00a0<\/p>\n<p>A patent, or indeed a patent portfolio, which is technically or commercially relevant with respect to a particular technology can also be an excellent lever in licensing negotiations with a competitor in order to generate cross-licences.<\/p>\n<p>[\/et_pb_text][\/et_pb_column][\/et_pb_row][\/et_pb_section]<\/p>\n","protected":false},"excerpt":{"rendered":"<p>Invention of Swiss and European patents in Neuch\u00e2tel What is a utility patent?A utility patent is an intellectual property right which provides its owner with an exclusive exploitation right of the invention in question for a limited time, generally twenty years (in Switzerland, medicines and pesticides can benefit of a five year extension of protection). [&hellip;]<\/p>\n","protected":false},"author":1,"featured_media":0,"parent":0,"menu_order":0,"comment_status":"closed","ping_status":"closed","template":"","meta":{"_et_pb_use_builder":"on","_et_pb_old_content":"","_et_gb_content_width":"","footnotes":""},"class_list":["post-323","page","type-page","status-publish","hentry"],"yoast_head":"<!-- This site is optimized with the Yoast SEO plugin v27.4 - https:\/\/yoast.com\/product\/yoast-seo-wordpress\/ -->\n<title>e-Patent SA | Invention of Swiss and European patents in Neuch\u00e2tel<\/title>\n<meta name=\"description\" content=\"e-Patent SA gives you Swiss and European patent advices in Neuch\u00e2tel. The company is immersed in Switzerland, which innovates in the heart of Europe and in permanent contact with the world and represents its clients in the invention of Swiss and European patents in Neuch\u00e2tel\" \/>\n<meta name=\"robots\" content=\"index, follow, max-snippet:-1, max-image-preview:large, max-video-preview:-1\" \/>\n<link rel=\"canonical\" href=\"https:\/\/www.e-patent.ch\/en\/invention-of-swiss-european-patents-neuchatel\/\" \/>\n<meta property=\"og:locale\" content=\"en_US\" \/>\n<meta property=\"og:type\" content=\"article\" \/>\n<meta property=\"og:title\" content=\"e-Patent SA | Invention of Swiss and European patents in Neuch\u00e2tel\" \/>\n<meta property=\"og:description\" content=\"e-Patent SA gives you Swiss and European patent advices in Neuch\u00e2tel. The company is immersed in Switzerland, which innovates in the heart of Europe and in permanent contact with the world and represents its clients in the invention of Swiss and European patents in Neuch\u00e2tel\" \/>\n<meta property=\"og:url\" content=\"https:\/\/www.e-patent.ch\/en\/invention-of-swiss-european-patents-neuchatel\/\" \/>\n<meta property=\"og:site_name\" content=\"E Patent\" \/>\n<meta property=\"article:modified_time\" content=\"2019-05-24T17:50:21+00:00\" \/>\n<meta name=\"twitter:card\" content=\"summary_large_image\" \/>\n<meta name=\"twitter:label1\" content=\"Est. reading time\" \/>\n\t<meta name=\"twitter:data1\" content=\"3 minutes\" \/>\n<script type=\"application\/ld+json\" class=\"yoast-schema-graph\">{\"@context\":\"https:\\\/\\\/schema.org\",\"@graph\":[{\"@type\":\"WebPage\",\"@id\":\"https:\\\/\\\/www.e-patent.ch\\\/en\\\/invention-of-swiss-european-patents-neuchatel\\\/\",\"url\":\"https:\\\/\\\/www.e-patent.ch\\\/en\\\/invention-of-swiss-european-patents-neuchatel\\\/\",\"name\":\"e-Patent SA | Invention of Swiss and European patents in Neuch\u00e2tel\",\"isPartOf\":{\"@id\":\"https:\\\/\\\/www.e-patent.ch\\\/#website\"},\"datePublished\":\"2019-05-13T22:46:37+00:00\",\"dateModified\":\"2019-05-24T17:50:21+00:00\",\"description\":\"e-Patent SA gives you Swiss and European patent advices in Neuch\u00e2tel. The company is immersed in Switzerland, which innovates in the heart of Europe and in permanent contact with the world and represents its clients in the invention of Swiss and European patents in Neuch\u00e2tel\",\"breadcrumb\":{\"@id\":\"https:\\\/\\\/www.e-patent.ch\\\/en\\\/invention-of-swiss-european-patents-neuchatel\\\/#breadcrumb\"},\"inLanguage\":\"en-US\",\"potentialAction\":[{\"@type\":\"ReadAction\",\"target\":[\"https:\\\/\\\/www.e-patent.ch\\\/en\\\/invention-of-swiss-european-patents-neuchatel\\\/\"]}]},{\"@type\":\"BreadcrumbList\",\"@id\":\"https:\\\/\\\/www.e-patent.ch\\\/en\\\/invention-of-swiss-european-patents-neuchatel\\\/#breadcrumb\",\"itemListElement\":[{\"@type\":\"ListItem\",\"position\":1,\"name\":\"Accueil\",\"item\":\"https:\\\/\\\/www.e-patent.ch\\\/en\\\/home\\\/\"},{\"@type\":\"ListItem\",\"position\":2,\"name\":\"The utility patent\"}]},{\"@type\":\"WebSite\",\"@id\":\"https:\\\/\\\/www.e-patent.ch\\\/#website\",\"url\":\"https:\\\/\\\/www.e-patent.ch\\\/\",\"name\":\"E Patent\",\"description\":\"Brevets suisses et europ\u00e9ens \u00e0 Neuch\u00e2tel\",\"potentialAction\":[{\"@type\":\"SearchAction\",\"target\":{\"@type\":\"EntryPoint\",\"urlTemplate\":\"https:\\\/\\\/www.e-patent.ch\\\/?s={search_term_string}\"},\"query-input\":{\"@type\":\"PropertyValueSpecification\",\"valueRequired\":true,\"valueName\":\"search_term_string\"}}],\"inLanguage\":\"en-US\"}]}<\/script>\n<!-- \/ Yoast SEO plugin. -->","yoast_head_json":{"title":"e-Patent SA | Invention of Swiss and European patents in Neuch\u00e2tel","description":"e-Patent SA gives you Swiss and European patent advices in Neuch\u00e2tel. The company is immersed in Switzerland, which innovates in the heart of Europe and in permanent contact with the world and represents its clients in the invention of Swiss and European patents in Neuch\u00e2tel","robots":{"index":"index","follow":"follow","max-snippet":"max-snippet:-1","max-image-preview":"max-image-preview:large","max-video-preview":"max-video-preview:-1"},"canonical":"https:\/\/www.e-patent.ch\/en\/invention-of-swiss-european-patents-neuchatel\/","og_locale":"en_US","og_type":"article","og_title":"e-Patent SA | Invention of Swiss and European patents in Neuch\u00e2tel","og_description":"e-Patent SA gives you Swiss and European patent advices in Neuch\u00e2tel. The company is immersed in Switzerland, which innovates in the heart of Europe and in permanent contact with the world and represents its clients in the invention of Swiss and European patents in Neuch\u00e2tel","og_url":"https:\/\/www.e-patent.ch\/en\/invention-of-swiss-european-patents-neuchatel\/","og_site_name":"E Patent","article_modified_time":"2019-05-24T17:50:21+00:00","twitter_card":"summary_large_image","twitter_misc":{"Est. reading time":"3 minutes"},"schema":{"@context":"https:\/\/schema.org","@graph":[{"@type":"WebPage","@id":"https:\/\/www.e-patent.ch\/en\/invention-of-swiss-european-patents-neuchatel\/","url":"https:\/\/www.e-patent.ch\/en\/invention-of-swiss-european-patents-neuchatel\/","name":"e-Patent SA | Invention of Swiss and European patents in Neuch\u00e2tel","isPartOf":{"@id":"https:\/\/www.e-patent.ch\/#website"},"datePublished":"2019-05-13T22:46:37+00:00","dateModified":"2019-05-24T17:50:21+00:00","description":"e-Patent SA gives you Swiss and European patent advices in Neuch\u00e2tel. The company is immersed in Switzerland, which innovates in the heart of Europe and in permanent contact with the world and represents its clients in the invention of Swiss and European patents in Neuch\u00e2tel","breadcrumb":{"@id":"https:\/\/www.e-patent.ch\/en\/invention-of-swiss-european-patents-neuchatel\/#breadcrumb"},"inLanguage":"en-US","potentialAction":[{"@type":"ReadAction","target":["https:\/\/www.e-patent.ch\/en\/invention-of-swiss-european-patents-neuchatel\/"]}]},{"@type":"BreadcrumbList","@id":"https:\/\/www.e-patent.ch\/en\/invention-of-swiss-european-patents-neuchatel\/#breadcrumb","itemListElement":[{"@type":"ListItem","position":1,"name":"Accueil","item":"https:\/\/www.e-patent.ch\/en\/home\/"},{"@type":"ListItem","position":2,"name":"The utility patent"}]},{"@type":"WebSite","@id":"https:\/\/www.e-patent.ch\/#website","url":"https:\/\/www.e-patent.ch\/","name":"E Patent","description":"Brevets suisses et europ\u00e9ens \u00e0 Neuch\u00e2tel","potentialAction":[{"@type":"SearchAction","target":{"@type":"EntryPoint","urlTemplate":"https:\/\/www.e-patent.ch\/?s={search_term_string}"},"query-input":{"@type":"PropertyValueSpecification","valueRequired":true,"valueName":"search_term_string"}}],"inLanguage":"en-US"}]}},"_links":{"self":[{"href":"https:\/\/www.e-patent.ch\/en\/wp-json\/wp\/v2\/pages\/323","targetHints":{"allow":["GET"]}}],"collection":[{"href":"https:\/\/www.e-patent.ch\/en\/wp-json\/wp\/v2\/pages"}],"about":[{"href":"https:\/\/www.e-patent.ch\/en\/wp-json\/wp\/v2\/types\/page"}],"author":[{"embeddable":true,"href":"https:\/\/www.e-patent.ch\/en\/wp-json\/wp\/v2\/users\/1"}],"replies":[{"embeddable":true,"href":"https:\/\/www.e-patent.ch\/en\/wp-json\/wp\/v2\/comments?post=323"}],"version-history":[{"count":5,"href":"https:\/\/www.e-patent.ch\/en\/wp-json\/wp\/v2\/pages\/323\/revisions"}],"predecessor-version":[{"id":364,"href":"https:\/\/www.e-patent.ch\/en\/wp-json\/wp\/v2\/pages\/323\/revisions\/364"}],"wp:attachment":[{"href":"https:\/\/www.e-patent.ch\/en\/wp-json\/wp\/v2\/media?parent=323"}],"curies":[{"name":"wp","href":"https:\/\/api.w.org\/{rel}","templated":true}]}}