{"id":330,"date":"2019-05-14T01:00:41","date_gmt":"2019-05-13T23:00:41","guid":{"rendered":"https:\/\/www.e-patent.ch\/?page_id=330"},"modified":"2019-05-24T19:56:00","modified_gmt":"2019-05-24T17:56:00","slug":"patent-attorney-neuchatel","status":"publish","type":"page","link":"https:\/\/www.e-patent.ch\/en\/patent-attorney-neuchatel\/","title":{"rendered":"Services"},"content":{"rendered":"<p>[et_pb_section bb_built=&#8221;1&#8243; _builder_version=&#8221;3.19.18&#8243; custom_padding=&#8221;0px|0px|0px|0px&#8221;][et_pb_row _builder_version=&#8221;3.19.18&#8243; module_alignment=&#8221;center&#8221; make_fullwidth=&#8221;on&#8221; use_custom_gutter=&#8221;on&#8221; gutter_width=&#8221;1&#8243; make_equal=&#8221;on&#8221; padding_top_2=&#8221;40px&#8221; padding_right_2=&#8221;40px&#8221; padding_bottom_2=&#8221;40px&#8221; padding_left_2=&#8221;40px&#8221; custom_padding=&#8221;0px|0px|0px|0px&#8221; padding_top_1=&#8221;0px&#8221; bg_img_1=&#8221;https:\/\/www.e-patent.ch\/wp-content\/uploads\/2019\/04\/Depot-de-brevet-Neuchatel.jpg&#8221; background_color=&#8221;#d1d1d1&#8243;][et_pb_column type=&#8221;1_2&#8243;][et_pb_image _builder_version=&#8221;3.19.18&#8243; src=&#8221;https:\/\/www.e-patent.ch\/wp-content\/uploads\/2019\/04\/Depot-de-brevet-Neuchatel.jpg&#8221; disabled=&#8221;off&#8221; disabled_on=&#8221;||on&#8221; force_fullwidth=&#8221;on&#8221; \/][\/et_pb_column][et_pb_column type=&#8221;1_2&#8243;][et_pb_text _builder_version=&#8221;3.19.18&#8243; module_class=&#8221;Titre-home&#8221;]<\/p>\n<h1>Patent attorney in Neuchatel<\/h1>\n<p>[\/et_pb_text][et_pb_text _builder_version=&#8221;3.19.18&#8243;]<\/p>\n<div align=\"justify\">\n<h2>SERVICES<\/h2>\n<p>e-Patent provides the following services in connection with patents:\u00a0<\/p>\n<ul>\n<li>Assistance in developing internal patent policies, and implementation of these policies in function of the evolution of the company.\u00a0<\/li>\n<li>Prior art searches.\u00a0<\/li>\n<li>Patentability studies.\u00a0<\/li>\n<li>Freedom-to-Operate studies and evaluation of infringement risks with respect to third party patent rights.\u00a0<\/li>\n<li>Drafting of patent applications.\u00a0<\/li>\n<li>Filing of patent applications and management of the application procedure in any country.\u00a0<\/li>\n<li>Representation and assistance in opposition and appeal proceedings in connection with the client rights or third party rights.\u00a0<\/li>\n<li>Preparation and drafting of license agreements and of others contracts related to inventions.\u00a0<\/li>\n<li>Preparation of Cease and Desist letters to possible infringers.\u00a0<\/li>\n<li>Assistance during judicial or non-judicial patent litigations.\u00a0<\/li>\n<li>Drafting of legal opinions in the field of intellectual property.\u00a0<\/li>\n<li>Training courses on the topic of patents.<\/li>\n<\/ul>\n<p><strong><em>Other legal fields<\/em>:<\/strong> We regularly collaborate with colleagues, jurists and lawyers who are specialised in other fields of intellectual property (trademarks, registered designs, copyrights) and unfair competition law, and we can put you in contact with the person whose competences are best suited to your needs.<\/p>\n<\/div>\n<p>[\/et_pb_text][\/et_pb_column][\/et_pb_row][\/et_pb_section]<\/p>\n","protected":false},"excerpt":{"rendered":"<p>Patent attorney in Neuchatel SERVICESe-Patent provides the following services in connection with patents:\u00a0Assistance in developing internal patent policies, and implementation of these policies in function of the evolution of the company.\u00a0Prior art searches.\u00a0Patentability studies.\u00a0Freedom-to-Operate studies and evaluation of infringement risks with respect to third party patent rights.\u00a0Drafting of patent applications.\u00a0Filing of patent applications and management [&hellip;]<\/p>\n","protected":false},"author":1,"featured_media":0,"parent":0,"menu_order":0,"comment_status":"closed","ping_status":"closed","template":"","meta":{"_et_pb_use_builder":"on","_et_pb_old_content":"","_et_gb_content_width":"","footnotes":""},"class_list":["post-330","page","type-page","status-publish","hentry"],"yoast_head":"<!-- This site is optimized with the Yoast SEO plugin v25.3 - https:\/\/yoast.com\/wordpress\/plugins\/seo\/ -->\n<title>e-Patent SA | Patent attorney in Neuchatel<\/title>\n<meta name=\"description\" content=\"e-Patent SA, Patent Attorney in Neuch\u00e2tel, gives you Swiss and European patent advices. The company is immersed in Switzerland, which innovates in the heart of Europe and is in permanent contact with the world and represents its clients in the protection of inventions both in Switzerland and internationally.\" \/>\n<meta name=\"robots\" content=\"index, follow, max-snippet:-1, max-image-preview:large, max-video-preview:-1\" \/>\n<link rel=\"canonical\" href=\"https:\/\/www.e-patent.ch\/en\/patent-attorney-neuchatel\/\" \/>\n<meta property=\"og:locale\" content=\"en_US\" \/>\n<meta property=\"og:type\" content=\"article\" \/>\n<meta property=\"og:title\" content=\"e-Patent SA | Patent attorney in Neuchatel\" \/>\n<meta property=\"og:description\" content=\"e-Patent SA, Patent Attorney in Neuch\u00e2tel, gives you Swiss and European patent advices. The company is immersed in Switzerland, which innovates in the heart of Europe and is in permanent contact with the world and represents its clients in the protection of inventions both in Switzerland and internationally.\" \/>\n<meta property=\"og:url\" content=\"https:\/\/www.e-patent.ch\/en\/patent-attorney-neuchatel\/\" \/>\n<meta property=\"og:site_name\" content=\"E Patent\" \/>\n<meta property=\"article:modified_time\" content=\"2019-05-24T17:56:00+00:00\" \/>\n<meta name=\"twitter:card\" content=\"summary_large_image\" \/>\n<meta name=\"twitter:label1\" content=\"Est. reading time\" \/>\n\t<meta name=\"twitter:data1\" content=\"2 minutes\" \/>\n<script type=\"application\/ld+json\" class=\"yoast-schema-graph\">{\"@context\":\"https:\/\/schema.org\",\"@graph\":[{\"@type\":\"WebPage\",\"@id\":\"https:\/\/www.e-patent.ch\/en\/patent-attorney-neuchatel\/\",\"url\":\"https:\/\/www.e-patent.ch\/en\/patent-attorney-neuchatel\/\",\"name\":\"e-Patent SA | Patent attorney in Neuchatel\",\"isPartOf\":{\"@id\":\"https:\/\/www.e-patent.ch\/#website\"},\"datePublished\":\"2019-05-13T23:00:41+00:00\",\"dateModified\":\"2019-05-24T17:56:00+00:00\",\"description\":\"e-Patent SA, Patent Attorney in Neuch\u00e2tel, gives you Swiss and European patent advices. The company is immersed in Switzerland, which innovates in the heart of Europe and is in permanent contact with the world and represents its clients in the protection of inventions both in Switzerland and internationally.\",\"breadcrumb\":{\"@id\":\"https:\/\/www.e-patent.ch\/en\/patent-attorney-neuchatel\/#breadcrumb\"},\"inLanguage\":\"en-US\",\"potentialAction\":[{\"@type\":\"ReadAction\",\"target\":[\"https:\/\/www.e-patent.ch\/en\/patent-attorney-neuchatel\/\"]}]},{\"@type\":\"BreadcrumbList\",\"@id\":\"https:\/\/www.e-patent.ch\/en\/patent-attorney-neuchatel\/#breadcrumb\",\"itemListElement\":[{\"@type\":\"ListItem\",\"position\":1,\"name\":\"Accueil\",\"item\":\"https:\/\/www.e-patent.ch\/en\/home\/\"},{\"@type\":\"ListItem\",\"position\":2,\"name\":\"Services\"}]},{\"@type\":\"WebSite\",\"@id\":\"https:\/\/www.e-patent.ch\/#website\",\"url\":\"https:\/\/www.e-patent.ch\/\",\"name\":\"E Patent\",\"description\":\"Brevets suisses et europ\u00e9ens \u00e0 Neuch\u00e2tel\",\"potentialAction\":[{\"@type\":\"SearchAction\",\"target\":{\"@type\":\"EntryPoint\",\"urlTemplate\":\"https:\/\/www.e-patent.ch\/?s={search_term_string}\"},\"query-input\":{\"@type\":\"PropertyValueSpecification\",\"valueRequired\":true,\"valueName\":\"search_term_string\"}}],\"inLanguage\":\"en-US\"}]}<\/script>\n<!-- \/ Yoast SEO plugin. -->","yoast_head_json":{"title":"e-Patent SA | Patent attorney in Neuchatel","description":"e-Patent SA, Patent Attorney in Neuch\u00e2tel, gives you Swiss and European patent advices. The company is immersed in Switzerland, which innovates in the heart of Europe and is in permanent contact with the world and represents its clients in the protection of inventions both in Switzerland and internationally.","robots":{"index":"index","follow":"follow","max-snippet":"max-snippet:-1","max-image-preview":"max-image-preview:large","max-video-preview":"max-video-preview:-1"},"canonical":"https:\/\/www.e-patent.ch\/en\/patent-attorney-neuchatel\/","og_locale":"en_US","og_type":"article","og_title":"e-Patent SA | Patent attorney in Neuchatel","og_description":"e-Patent SA, Patent Attorney in Neuch\u00e2tel, gives you Swiss and European patent advices. The company is immersed in Switzerland, which innovates in the heart of Europe and is in permanent contact with the world and represents its clients in the protection of inventions both in Switzerland and internationally.","og_url":"https:\/\/www.e-patent.ch\/en\/patent-attorney-neuchatel\/","og_site_name":"E Patent","article_modified_time":"2019-05-24T17:56:00+00:00","twitter_card":"summary_large_image","twitter_misc":{"Est. reading time":"2 minutes"},"schema":{"@context":"https:\/\/schema.org","@graph":[{"@type":"WebPage","@id":"https:\/\/www.e-patent.ch\/en\/patent-attorney-neuchatel\/","url":"https:\/\/www.e-patent.ch\/en\/patent-attorney-neuchatel\/","name":"e-Patent SA | Patent attorney in Neuchatel","isPartOf":{"@id":"https:\/\/www.e-patent.ch\/#website"},"datePublished":"2019-05-13T23:00:41+00:00","dateModified":"2019-05-24T17:56:00+00:00","description":"e-Patent SA, Patent Attorney in Neuch\u00e2tel, gives you Swiss and European patent advices. The company is immersed in Switzerland, which innovates in the heart of Europe and is in permanent contact with the world and represents its clients in the protection of inventions both in Switzerland and internationally.","breadcrumb":{"@id":"https:\/\/www.e-patent.ch\/en\/patent-attorney-neuchatel\/#breadcrumb"},"inLanguage":"en-US","potentialAction":[{"@type":"ReadAction","target":["https:\/\/www.e-patent.ch\/en\/patent-attorney-neuchatel\/"]}]},{"@type":"BreadcrumbList","@id":"https:\/\/www.e-patent.ch\/en\/patent-attorney-neuchatel\/#breadcrumb","itemListElement":[{"@type":"ListItem","position":1,"name":"Accueil","item":"https:\/\/www.e-patent.ch\/en\/home\/"},{"@type":"ListItem","position":2,"name":"Services"}]},{"@type":"WebSite","@id":"https:\/\/www.e-patent.ch\/#website","url":"https:\/\/www.e-patent.ch\/","name":"E Patent","description":"Brevets suisses et europ\u00e9ens \u00e0 Neuch\u00e2tel","potentialAction":[{"@type":"SearchAction","target":{"@type":"EntryPoint","urlTemplate":"https:\/\/www.e-patent.ch\/?s={search_term_string}"},"query-input":{"@type":"PropertyValueSpecification","valueRequired":true,"valueName":"search_term_string"}}],"inLanguage":"en-US"}]}},"_links":{"self":[{"href":"https:\/\/www.e-patent.ch\/en\/wp-json\/wp\/v2\/pages\/330","targetHints":{"allow":["GET"]}}],"collection":[{"href":"https:\/\/www.e-patent.ch\/en\/wp-json\/wp\/v2\/pages"}],"about":[{"href":"https:\/\/www.e-patent.ch\/en\/wp-json\/wp\/v2\/types\/page"}],"author":[{"embeddable":true,"href":"https:\/\/www.e-patent.ch\/en\/wp-json\/wp\/v2\/users\/1"}],"replies":[{"embeddable":true,"href":"https:\/\/www.e-patent.ch\/en\/wp-json\/wp\/v2\/comments?post=330"}],"version-history":[{"count":5,"href":"https:\/\/www.e-patent.ch\/en\/wp-json\/wp\/v2\/pages\/330\/revisions"}],"predecessor-version":[{"id":370,"href":"https:\/\/www.e-patent.ch\/en\/wp-json\/wp\/v2\/pages\/330\/revisions\/370"}],"wp:attachment":[{"href":"https:\/\/www.e-patent.ch\/en\/wp-json\/wp\/v2\/media?parent=330"}],"curies":[{"name":"wp","href":"https:\/\/api.w.org\/{rel}","templated":true}]}}