{"id":333,"date":"2019-05-14T01:01:55","date_gmt":"2019-05-13T23:01:55","guid":{"rendered":"https:\/\/www.e-patent.ch\/?page_id=333"},"modified":"2019-05-20T12:08:56","modified_gmt":"2019-05-20T10:08:56","slug":"patent-office-neuchatel-switzerland","status":"publish","type":"page","link":"https:\/\/www.e-patent.ch\/en\/patent-office-neuchatel-switzerland\/","title":{"rendered":"Links"},"content":{"rendered":"<p>[et_pb_section bb_built=&#8221;1&#8243; _builder_version=&#8221;3.19.18&#8243; background_color=&#8221;#d1d1d1&#8243;][et_pb_row][et_pb_column type=&#8221;4_4&#8243;][et_pb_text _builder_version=&#8221;3.19.18&#8243; module_class=&#8221;Titre-home&#8221;]<\/p>\n<h1>Patent office in Neuch\u00e2tel, Switzerland<\/h1>\n<p>[\/et_pb_text][et_pb_text _builder_version=&#8221;3.19.18&#8243;]<\/p>\n<h1>Links<\/h1>\n<p>\u00a0<\/p>\n<p><img loading=\"lazy\" decoding=\"async\" class=\"alignnone wp-image-205\" src=\"https:\/\/www.e-patent.ch\/wp-content\/uploads\/2019\/04\/file.gif\" alt=\"\" width=\"108\" height=\"54\" \/><\/p>\n<p>&#8211;\u00a0<a href=\"https:\/\/register.epo.org\/regviewer?lng=fr\" target=\"_blank\" rel=\"noopener\">Registre Europ\u00e9en<\/a><\/p>\n<p>\u00a0<\/p>\n<p><a href=\"https:\/\/www.ige.ch\/fr.html \" target=\"_blank\" rel=\"noopener\"><img loading=\"lazy\" decoding=\"async\" class=\"alignnone wp-image-110 \" src=\"https:\/\/www.e-patent.ch\/wp-content\/uploads\/2019\/04\/IGE-IPI.png\" alt=\"iNSTITUT-SUISSE-DE-BREVETS\" width=\"74\" height=\"76\" \/><\/a><\/p>\n<p>&#8211;\u00a0<a href=\"https:\/\/www.swissreg.ch\/srclient\/faces\/jsp\/start.jsp\" target=\"_blank\" rel=\"noopener\">Registre Suisse<\/a><\/p>\n<p>\u00a0<\/p>\n<p><a href=\"http:\/\/www.wipo.int\/portal\/index.html.fr\" target=\"_blank\" rel=\"noopener\"><img loading=\"lazy\" decoding=\"async\" class=\"alignnone wp-image-207\" src=\"https:\/\/www.e-patent.ch\/wp-content\/uploads\/2019\/04\/AZNiTG3w.png\" alt=\"\" width=\"84\" height=\"84\" srcset=\"https:\/\/www.e-patent.ch\/wp-content\/uploads\/2019\/04\/AZNiTG3w.png 241w, https:\/\/www.e-patent.ch\/wp-content\/uploads\/2019\/04\/AZNiTG3w-150x150.png 150w\" sizes=\"(max-width: 84px) 100vw, 84px\" \/>\u00a0<\/a><\/p>\n<p>&#8211;\u00a0<a href=\"http:\/\/www.wipo.int\/patentscope\/fr\/\" target=\"_blank\" rel=\"noopener\">Patentscope<\/a><\/p>\n<p>&#8211;\u00a0<a href=\"http:\/\/www.wipo.int\/pct\/fr\/\" target=\"_blank\" rel=\"noopener\">Ressources PCT<\/a><\/p>\n<p>\u00a0<\/p>\n<p><img loading=\"lazy\" decoding=\"async\" class=\"alignnone wp-image-209\" src=\"https:\/\/www.e-patent.ch\/wp-content\/uploads\/2019\/04\/nYWt7u_Y.png\" alt=\"\" width=\"86\" height=\"86\" srcset=\"https:\/\/www.e-patent.ch\/wp-content\/uploads\/2019\/04\/nYWt7u_Y.png 200w, https:\/\/www.e-patent.ch\/wp-content\/uploads\/2019\/04\/nYWt7u_Y-150x150.png 150w\" sizes=\"(max-width: 86px) 100vw, 86px\" \/><\/p>\n<p>&#8211;\u00a0<a href=\"https:\/\/portal.uspto.gov\/pair\/PublicPair\" target=\"_blank\" rel=\"noopener\">Registre Am\u00e9ricain<\/a><\/p>\n<p>\u00a0<\/p>\n<p><img decoding=\"async\" class=\"alignnone wp-image-106\" src=\"https:\/\/www.e-patent.ch\/wp-content\/uploads\/2019\/04\/icone_loupe-300x300.png\" alt=\"icone_loupe\" width=\"50\" srcset=\"https:\/\/www.e-patent.ch\/wp-content\/uploads\/2019\/04\/icone_loupe-300x300.png 300w, https:\/\/www.e-patent.ch\/wp-content\/uploads\/2019\/04\/icone_loupe-150x150.png 150w, https:\/\/www.e-patent.ch\/wp-content\/uploads\/2019\/04\/icone_loupe.png 512w\" sizes=\"(max-width: 300px) 100vw, 300px\" \/><\/p>\n<p>&#8211;\u00a0<a href=\"http:\/\/ep.espacenet.com\/?locale=fr_EP\" target=\"_blank\" rel=\"noopener\">Espacenet<\/a><\/p>\n<p>&#8211;\u00a0<a href=\"https:\/\/patents.google.com\/\" target=\"_blank\" rel=\"noopener\">Google patents<\/a><\/p>\n<p>&#8211; <a href=\"http:\/\/patft.uspto.gov\/\">Recherche USPTO<\/a><\/p>\n<p>[\/et_pb_text][\/et_pb_column][\/et_pb_row][\/et_pb_section]<\/p>\n","protected":false},"excerpt":{"rendered":"<p><div class=\"et_pb_row et_pb_row_0 et_pb_row_empty\">\n\t\t\t\t\n\t\t\t\t\n\t\t\t\t\n\t\t\t\t\n\t\t\t\t\n\t\t\t<\/div> Patent office in Neuch\u00e2tel, Switzerland Links\u00a0&#8211;\u00a0Registre Europ\u00e9en\u00a0&#8211;\u00a0Registre Suisse\u00a0\u00a0&#8211;\u00a0Patentscope-\u00a0Ressources PCT\u00a0&#8211;\u00a0Registre Am\u00e9ricain\u00a0&#8211;\u00a0Espacenet-\u00a0Google patents- Recherche USPTO<\/p>\n","protected":false},"author":1,"featured_media":0,"parent":0,"menu_order":0,"comment_status":"closed","ping_status":"closed","template":"","meta":{"_et_pb_use_builder":"on","_et_pb_old_content":"","_et_gb_content_width":"","footnotes":""},"class_list":["post-333","page","type-page","status-publish","hentry"],"yoast_head":"<!-- This site is optimized with the Yoast SEO plugin v27.4 - https:\/\/yoast.com\/product\/yoast-seo-wordpress\/ -->\n<title>e-Patent SA | Patent office in Neuch\u00e2tel, Switzerland<\/title>\n<meta name=\"description\" content=\"e-Patent SA, patent office in Neuch\u00e2tel, in the heart of Switzerland, is a Swiss patent holder and gives you Swiss and European patent attorneys. The company is immersed in the heart of Europe, in permanent link with the world.\" \/>\n<meta name=\"robots\" content=\"index, follow, max-snippet:-1, max-image-preview:large, max-video-preview:-1\" \/>\n<link rel=\"canonical\" href=\"https:\/\/www.e-patent.ch\/en\/patent-office-neuchatel-switzerland\/\" \/>\n<meta property=\"og:locale\" content=\"en_US\" \/>\n<meta property=\"og:type\" content=\"article\" \/>\n<meta property=\"og:title\" content=\"e-Patent SA | Patent office in Neuch\u00e2tel, Switzerland\" \/>\n<meta property=\"og:description\" content=\"e-Patent SA, patent office in Neuch\u00e2tel, in the heart of Switzerland, is a Swiss patent holder and gives you Swiss and European patent attorneys. The company is immersed in the heart of Europe, in permanent link with the world.\" \/>\n<meta property=\"og:url\" content=\"https:\/\/www.e-patent.ch\/en\/patent-office-neuchatel-switzerland\/\" \/>\n<meta property=\"og:site_name\" content=\"E Patent\" \/>\n<meta property=\"article:modified_time\" content=\"2019-05-20T10:08:56+00:00\" \/>\n<meta property=\"og:image\" content=\"https:\/\/www.e-patent.ch\/wp-content\/uploads\/2019\/04\/file.gif\" \/>\n<meta name=\"twitter:card\" content=\"summary_large_image\" \/>\n<script type=\"application\/ld+json\" class=\"yoast-schema-graph\">{\"@context\":\"https:\\\/\\\/schema.org\",\"@graph\":[{\"@type\":\"WebPage\",\"@id\":\"https:\\\/\\\/www.e-patent.ch\\\/en\\\/patent-office-neuchatel-switzerland\\\/\",\"url\":\"https:\\\/\\\/www.e-patent.ch\\\/en\\\/patent-office-neuchatel-switzerland\\\/\",\"name\":\"e-Patent SA | Patent office in Neuch\u00e2tel, Switzerland\",\"isPartOf\":{\"@id\":\"https:\\\/\\\/www.e-patent.ch\\\/#website\"},\"primaryImageOfPage\":{\"@id\":\"https:\\\/\\\/www.e-patent.ch\\\/en\\\/patent-office-neuchatel-switzerland\\\/#primaryimage\"},\"image\":{\"@id\":\"https:\\\/\\\/www.e-patent.ch\\\/en\\\/patent-office-neuchatel-switzerland\\\/#primaryimage\"},\"thumbnailUrl\":\"https:\\\/\\\/www.e-patent.ch\\\/wp-content\\\/uploads\\\/2019\\\/04\\\/file.gif\",\"datePublished\":\"2019-05-13T23:01:55+00:00\",\"dateModified\":\"2019-05-20T10:08:56+00:00\",\"description\":\"e-Patent SA, patent office in Neuch\u00e2tel, in the heart of Switzerland, is a Swiss patent holder and gives you Swiss and European patent attorneys. The company is immersed in the heart of Europe, in permanent link with the world.\",\"breadcrumb\":{\"@id\":\"https:\\\/\\\/www.e-patent.ch\\\/en\\\/patent-office-neuchatel-switzerland\\\/#breadcrumb\"},\"inLanguage\":\"en-US\",\"potentialAction\":[{\"@type\":\"ReadAction\",\"target\":[\"https:\\\/\\\/www.e-patent.ch\\\/en\\\/patent-office-neuchatel-switzerland\\\/\"]}]},{\"@type\":\"ImageObject\",\"inLanguage\":\"en-US\",\"@id\":\"https:\\\/\\\/www.e-patent.ch\\\/en\\\/patent-office-neuchatel-switzerland\\\/#primaryimage\",\"url\":\"https:\\\/\\\/www.e-patent.ch\\\/wp-content\\\/uploads\\\/2019\\\/04\\\/file.gif\",\"contentUrl\":\"https:\\\/\\\/www.e-patent.ch\\\/wp-content\\\/uploads\\\/2019\\\/04\\\/file.gif\"},{\"@type\":\"BreadcrumbList\",\"@id\":\"https:\\\/\\\/www.e-patent.ch\\\/en\\\/patent-office-neuchatel-switzerland\\\/#breadcrumb\",\"itemListElement\":[{\"@type\":\"ListItem\",\"position\":1,\"name\":\"Accueil\",\"item\":\"https:\\\/\\\/www.e-patent.ch\\\/en\\\/home\\\/\"},{\"@type\":\"ListItem\",\"position\":2,\"name\":\"Links\"}]},{\"@type\":\"WebSite\",\"@id\":\"https:\\\/\\\/www.e-patent.ch\\\/#website\",\"url\":\"https:\\\/\\\/www.e-patent.ch\\\/\",\"name\":\"E Patent\",\"description\":\"Brevets suisses et europ\u00e9ens \u00e0 Neuch\u00e2tel\",\"potentialAction\":[{\"@type\":\"SearchAction\",\"target\":{\"@type\":\"EntryPoint\",\"urlTemplate\":\"https:\\\/\\\/www.e-patent.ch\\\/?s={search_term_string}\"},\"query-input\":{\"@type\":\"PropertyValueSpecification\",\"valueRequired\":true,\"valueName\":\"search_term_string\"}}],\"inLanguage\":\"en-US\"}]}<\/script>\n<!-- \/ Yoast SEO plugin. -->","yoast_head_json":{"title":"e-Patent SA | Patent office in Neuch\u00e2tel, Switzerland","description":"e-Patent SA, patent office in Neuch\u00e2tel, in the heart of Switzerland, is a Swiss patent holder and gives you Swiss and European patent attorneys. The company is immersed in the heart of Europe, in permanent link with the world.","robots":{"index":"index","follow":"follow","max-snippet":"max-snippet:-1","max-image-preview":"max-image-preview:large","max-video-preview":"max-video-preview:-1"},"canonical":"https:\/\/www.e-patent.ch\/en\/patent-office-neuchatel-switzerland\/","og_locale":"en_US","og_type":"article","og_title":"e-Patent SA | Patent office in Neuch\u00e2tel, Switzerland","og_description":"e-Patent SA, patent office in Neuch\u00e2tel, in the heart of Switzerland, is a Swiss patent holder and gives you Swiss and European patent attorneys. The company is immersed in the heart of Europe, in permanent link with the world.","og_url":"https:\/\/www.e-patent.ch\/en\/patent-office-neuchatel-switzerland\/","og_site_name":"E Patent","article_modified_time":"2019-05-20T10:08:56+00:00","og_image":[{"url":"https:\/\/www.e-patent.ch\/wp-content\/uploads\/2019\/04\/file.gif","type":"","width":"","height":""}],"twitter_card":"summary_large_image","schema":{"@context":"https:\/\/schema.org","@graph":[{"@type":"WebPage","@id":"https:\/\/www.e-patent.ch\/en\/patent-office-neuchatel-switzerland\/","url":"https:\/\/www.e-patent.ch\/en\/patent-office-neuchatel-switzerland\/","name":"e-Patent SA | Patent office in Neuch\u00e2tel, Switzerland","isPartOf":{"@id":"https:\/\/www.e-patent.ch\/#website"},"primaryImageOfPage":{"@id":"https:\/\/www.e-patent.ch\/en\/patent-office-neuchatel-switzerland\/#primaryimage"},"image":{"@id":"https:\/\/www.e-patent.ch\/en\/patent-office-neuchatel-switzerland\/#primaryimage"},"thumbnailUrl":"https:\/\/www.e-patent.ch\/wp-content\/uploads\/2019\/04\/file.gif","datePublished":"2019-05-13T23:01:55+00:00","dateModified":"2019-05-20T10:08:56+00:00","description":"e-Patent SA, patent office in Neuch\u00e2tel, in the heart of Switzerland, is a Swiss patent holder and gives you Swiss and European patent attorneys. The company is immersed in the heart of Europe, in permanent link with the world.","breadcrumb":{"@id":"https:\/\/www.e-patent.ch\/en\/patent-office-neuchatel-switzerland\/#breadcrumb"},"inLanguage":"en-US","potentialAction":[{"@type":"ReadAction","target":["https:\/\/www.e-patent.ch\/en\/patent-office-neuchatel-switzerland\/"]}]},{"@type":"ImageObject","inLanguage":"en-US","@id":"https:\/\/www.e-patent.ch\/en\/patent-office-neuchatel-switzerland\/#primaryimage","url":"https:\/\/www.e-patent.ch\/wp-content\/uploads\/2019\/04\/file.gif","contentUrl":"https:\/\/www.e-patent.ch\/wp-content\/uploads\/2019\/04\/file.gif"},{"@type":"BreadcrumbList","@id":"https:\/\/www.e-patent.ch\/en\/patent-office-neuchatel-switzerland\/#breadcrumb","itemListElement":[{"@type":"ListItem","position":1,"name":"Accueil","item":"https:\/\/www.e-patent.ch\/en\/home\/"},{"@type":"ListItem","position":2,"name":"Links"}]},{"@type":"WebSite","@id":"https:\/\/www.e-patent.ch\/#website","url":"https:\/\/www.e-patent.ch\/","name":"E Patent","description":"Brevets suisses et europ\u00e9ens \u00e0 Neuch\u00e2tel","potentialAction":[{"@type":"SearchAction","target":{"@type":"EntryPoint","urlTemplate":"https:\/\/www.e-patent.ch\/?s={search_term_string}"},"query-input":{"@type":"PropertyValueSpecification","valueRequired":true,"valueName":"search_term_string"}}],"inLanguage":"en-US"}]}},"_links":{"self":[{"href":"https:\/\/www.e-patent.ch\/en\/wp-json\/wp\/v2\/pages\/333","targetHints":{"allow":["GET"]}}],"collection":[{"href":"https:\/\/www.e-patent.ch\/en\/wp-json\/wp\/v2\/pages"}],"about":[{"href":"https:\/\/www.e-patent.ch\/en\/wp-json\/wp\/v2\/types\/page"}],"author":[{"embeddable":true,"href":"https:\/\/www.e-patent.ch\/en\/wp-json\/wp\/v2\/users\/1"}],"replies":[{"embeddable":true,"href":"https:\/\/www.e-patent.ch\/en\/wp-json\/wp\/v2\/comments?post=333"}],"version-history":[{"count":5,"href":"https:\/\/www.e-patent.ch\/en\/wp-json\/wp\/v2\/pages\/333\/revisions"}],"predecessor-version":[{"id":355,"href":"https:\/\/www.e-patent.ch\/en\/wp-json\/wp\/v2\/pages\/333\/revisions\/355"}],"wp:attachment":[{"href":"https:\/\/www.e-patent.ch\/en\/wp-json\/wp\/v2\/media?parent=333"}],"curies":[{"name":"wp","href":"https:\/\/api.w.org\/{rel}","templated":true}]}}