{"id":336,"date":"2019-05-14T01:04:11","date_gmt":"2019-05-13T23:04:11","guid":{"rendered":"https:\/\/www.e-patent.ch\/?page_id=336"},"modified":"2019-05-20T12:10:15","modified_gmt":"2019-05-20T10:10:15","slug":"contact","status":"publish","type":"page","link":"https:\/\/www.e-patent.ch\/en\/contact\/","title":{"rendered":"Contact"},"content":{"rendered":"<p>[et_pb_section bb_built=&#8221;1&#8243; fullwidth=&#8221;on&#8221; specialty=&#8221;off&#8221; next_background_color=&#8221;#d1d1d1&#8243;][et_pb_fullwidth_code _builder_version=&#8221;3.19.18&#8243;]<iframe loading=\"lazy\" style=\"border: 0;\" src=\"https:\/\/www.google.com\/maps\/embed?pb=!1m18!1m12!1m3!1d2721.52127970602!2d6.928995415420157!3d46.99073667914853!2m3!1f0!2f0!3f0!3m2!1i1024!2i768!4f13.1!3m3!1m2!1s0x478e0a11439cfaeb%3A0x3bba23d9487b5e55!2se-Patent+SA!5e0!3m2!1sfr!2sus!4v1554456993115!5m2!1sfr!2sus\" width=\"100%\" height=\"450\" frameborder=\"0\" allowfullscreen=\"allowfullscreen\" data-mce-fragment=\"1\"><\/iframe>[\/et_pb_fullwidth_code][\/et_pb_section][et_pb_section bb_built=&#8221;1&#8243; specialty=&#8221;off&#8221; prev_background_color=&#8221;#ffffff&#8221; _builder_version=&#8221;3.19.18&#8243; background_color=&#8221;#d1d1d1&#8243; disabled=&#8221;on&#8221; disabled_on=&#8221;on|on|on&#8221;][et_pb_row _builder_version=&#8221;3.19.18&#8243;][et_pb_column type=&#8221;4_4&#8243;][et_pb_text _builder_version=&#8221;3.19.18&#8243;]<\/p>\n<p style=\"text-align: center;\"><strong>ADRESSE<\/strong><br \/>\nRue Saint-Honor\u00e9 1<\/p>\n<p style=\"text-align: center;\">2000 Neuch\u00e2tel Suisse<\/p>\n<p style=\"text-align: center;\"><strong>COORDONN\u00c9ES<\/strong><\/p>\n<p style=\"text-align: center;\"><strong>T\u00e9l:<\/strong>\u00a0<a href=\"tel:0041 32 723 20 00\">+41 (0) 32 723 20 00<\/a><br \/>\n<strong>Fax:<\/strong>\u00a0+41 (0) 32 723 20 09<br \/>\ninfo@e-patent.ch<\/p>\n<p>[\/et_pb_text][\/et_pb_column][\/et_pb_row][\/et_pb_section]<\/p>\n","protected":false},"excerpt":{"rendered":"<p>ADRESSE Rue Saint-Honor\u00e9 1 2000 Neuch\u00e2tel Suisse COORDONN\u00c9ES T\u00e9l:\u00a0+41 (0) 32 723 20 00 Fax:\u00a0+41 (0) 32 723 20 09 info@e-patent.ch<\/p>\n","protected":false},"author":1,"featured_media":0,"parent":0,"menu_order":0,"comment_status":"closed","ping_status":"closed","template":"","meta":{"_et_pb_use_builder":"on","_et_pb_old_content":"","_et_gb_content_width":"","footnotes":""},"class_list":["post-336","page","type-page","status-publish","hentry"],"yoast_head":"<!-- This site is optimized with the Yoast SEO plugin v27.4 - https:\/\/yoast.com\/product\/yoast-seo-wordpress\/ -->\n<title>e-Patent SA | Contact<\/title>\n<meta name=\"description\" content=\"e-Patent SA gives you Swiss and European patent advices in Neuch\u00e2tel. The company is immersed in Switzerland which innovates, in the heart of Europe and in permanent link with the world. Contact us for more information about patenting in Switzerland and internationally.\" \/>\n<meta name=\"robots\" content=\"index, follow, max-snippet:-1, max-image-preview:large, max-video-preview:-1\" \/>\n<link rel=\"canonical\" href=\"https:\/\/www.e-patent.ch\/en\/contact\/\" \/>\n<meta property=\"og:locale\" content=\"en_US\" \/>\n<meta property=\"og:type\" content=\"article\" \/>\n<meta property=\"og:title\" content=\"e-Patent SA | Contact\" \/>\n<meta property=\"og:description\" content=\"e-Patent SA gives you Swiss and European patent advices in Neuch\u00e2tel. The company is immersed in Switzerland which innovates, in the heart of Europe and in permanent link with the world. Contact us for more information about patenting in Switzerland and internationally.\" \/>\n<meta property=\"og:url\" content=\"https:\/\/www.e-patent.ch\/en\/contact\/\" \/>\n<meta property=\"og:site_name\" content=\"E Patent\" \/>\n<meta property=\"article:modified_time\" content=\"2019-05-20T10:10:15+00:00\" \/>\n<meta name=\"twitter:card\" content=\"summary_large_image\" \/>\n<script type=\"application\/ld+json\" class=\"yoast-schema-graph\">{\"@context\":\"https:\\\/\\\/schema.org\",\"@graph\":[{\"@type\":\"WebPage\",\"@id\":\"https:\\\/\\\/www.e-patent.ch\\\/en\\\/contact\\\/\",\"url\":\"https:\\\/\\\/www.e-patent.ch\\\/en\\\/contact\\\/\",\"name\":\"e-Patent SA | Contact\",\"isPartOf\":{\"@id\":\"https:\\\/\\\/www.e-patent.ch\\\/#website\"},\"datePublished\":\"2019-05-13T23:04:11+00:00\",\"dateModified\":\"2019-05-20T10:10:15+00:00\",\"description\":\"e-Patent SA gives you Swiss and European patent advices in Neuch\u00e2tel. The company is immersed in Switzerland which innovates, in the heart of Europe and in permanent link with the world. Contact us for more information about patenting in Switzerland and internationally.\",\"breadcrumb\":{\"@id\":\"https:\\\/\\\/www.e-patent.ch\\\/en\\\/contact\\\/#breadcrumb\"},\"inLanguage\":\"en-US\",\"potentialAction\":[{\"@type\":\"ReadAction\",\"target\":[\"https:\\\/\\\/www.e-patent.ch\\\/en\\\/contact\\\/\"]}]},{\"@type\":\"BreadcrumbList\",\"@id\":\"https:\\\/\\\/www.e-patent.ch\\\/en\\\/contact\\\/#breadcrumb\",\"itemListElement\":[{\"@type\":\"ListItem\",\"position\":1,\"name\":\"Accueil\",\"item\":\"https:\\\/\\\/www.e-patent.ch\\\/en\\\/home\\\/\"},{\"@type\":\"ListItem\",\"position\":2,\"name\":\"Contact\"}]},{\"@type\":\"WebSite\",\"@id\":\"https:\\\/\\\/www.e-patent.ch\\\/#website\",\"url\":\"https:\\\/\\\/www.e-patent.ch\\\/\",\"name\":\"E Patent\",\"description\":\"Brevets suisses et europ\u00e9ens \u00e0 Neuch\u00e2tel\",\"potentialAction\":[{\"@type\":\"SearchAction\",\"target\":{\"@type\":\"EntryPoint\",\"urlTemplate\":\"https:\\\/\\\/www.e-patent.ch\\\/?s={search_term_string}\"},\"query-input\":{\"@type\":\"PropertyValueSpecification\",\"valueRequired\":true,\"valueName\":\"search_term_string\"}}],\"inLanguage\":\"en-US\"}]}<\/script>\n<!-- \/ Yoast SEO plugin. -->","yoast_head_json":{"title":"e-Patent SA | Contact","description":"e-Patent SA gives you Swiss and European patent advices in Neuch\u00e2tel. The company is immersed in Switzerland which innovates, in the heart of Europe and in permanent link with the world. Contact us for more information about patenting in Switzerland and internationally.","robots":{"index":"index","follow":"follow","max-snippet":"max-snippet:-1","max-image-preview":"max-image-preview:large","max-video-preview":"max-video-preview:-1"},"canonical":"https:\/\/www.e-patent.ch\/en\/contact\/","og_locale":"en_US","og_type":"article","og_title":"e-Patent SA | Contact","og_description":"e-Patent SA gives you Swiss and European patent advices in Neuch\u00e2tel. The company is immersed in Switzerland which innovates, in the heart of Europe and in permanent link with the world. Contact us for more information about patenting in Switzerland and internationally.","og_url":"https:\/\/www.e-patent.ch\/en\/contact\/","og_site_name":"E Patent","article_modified_time":"2019-05-20T10:10:15+00:00","twitter_card":"summary_large_image","schema":{"@context":"https:\/\/schema.org","@graph":[{"@type":"WebPage","@id":"https:\/\/www.e-patent.ch\/en\/contact\/","url":"https:\/\/www.e-patent.ch\/en\/contact\/","name":"e-Patent SA | Contact","isPartOf":{"@id":"https:\/\/www.e-patent.ch\/#website"},"datePublished":"2019-05-13T23:04:11+00:00","dateModified":"2019-05-20T10:10:15+00:00","description":"e-Patent SA gives you Swiss and European patent advices in Neuch\u00e2tel. The company is immersed in Switzerland which innovates, in the heart of Europe and in permanent link with the world. Contact us for more information about patenting in Switzerland and internationally.","breadcrumb":{"@id":"https:\/\/www.e-patent.ch\/en\/contact\/#breadcrumb"},"inLanguage":"en-US","potentialAction":[{"@type":"ReadAction","target":["https:\/\/www.e-patent.ch\/en\/contact\/"]}]},{"@type":"BreadcrumbList","@id":"https:\/\/www.e-patent.ch\/en\/contact\/#breadcrumb","itemListElement":[{"@type":"ListItem","position":1,"name":"Accueil","item":"https:\/\/www.e-patent.ch\/en\/home\/"},{"@type":"ListItem","position":2,"name":"Contact"}]},{"@type":"WebSite","@id":"https:\/\/www.e-patent.ch\/#website","url":"https:\/\/www.e-patent.ch\/","name":"E Patent","description":"Brevets suisses et europ\u00e9ens \u00e0 Neuch\u00e2tel","potentialAction":[{"@type":"SearchAction","target":{"@type":"EntryPoint","urlTemplate":"https:\/\/www.e-patent.ch\/?s={search_term_string}"},"query-input":{"@type":"PropertyValueSpecification","valueRequired":true,"valueName":"search_term_string"}}],"inLanguage":"en-US"}]}},"_links":{"self":[{"href":"https:\/\/www.e-patent.ch\/en\/wp-json\/wp\/v2\/pages\/336","targetHints":{"allow":["GET"]}}],"collection":[{"href":"https:\/\/www.e-patent.ch\/en\/wp-json\/wp\/v2\/pages"}],"about":[{"href":"https:\/\/www.e-patent.ch\/en\/wp-json\/wp\/v2\/types\/page"}],"author":[{"embeddable":true,"href":"https:\/\/www.e-patent.ch\/en\/wp-json\/wp\/v2\/users\/1"}],"replies":[{"embeddable":true,"href":"https:\/\/www.e-patent.ch\/en\/wp-json\/wp\/v2\/comments?post=336"}],"version-history":[{"count":2,"href":"https:\/\/www.e-patent.ch\/en\/wp-json\/wp\/v2\/pages\/336\/revisions"}],"predecessor-version":[{"id":338,"href":"https:\/\/www.e-patent.ch\/en\/wp-json\/wp\/v2\/pages\/336\/revisions\/338"}],"wp:attachment":[{"href":"https:\/\/www.e-patent.ch\/en\/wp-json\/wp\/v2\/media?parent=336"}],"curies":[{"name":"wp","href":"https:\/\/api.w.org\/{rel}","templated":true}]}}